{"id":2600,"date":"2024-09-26T12:23:45","date_gmt":"2024-09-26T12:23:45","guid":{"rendered":"https:\/\/usetep.inforway.com\/?page_id=2600"},"modified":"2024-11-18T17:06:59","modified_gmt":"2024-11-18T17:06:59","slug":"nossa-historia","status":"publish","type":"page","link":"https:\/\/usetep.inforway.com\/index.php\/nossa-historia\/","title":{"rendered":"Nossa Historia"},"content":{"rendered":"\t\t<div data-elementor-type=\"wp-page\" data-elementor-id=\"2600\" class=\"elementor elementor-2600\" data-elementor-post-type=\"page\">\n\t\t\t\t\t\t<section class=\"elementor-section elementor-top-section elementor-element elementor-element-65fad3d1 elementor-section-content-middle elementor-section-boxed elementor-section-height-default elementor-section-height-default\" data-id=\"65fad3d1\" data-element_type=\"section\">\n\t\t\t\t\t\t<div class=\"elementor-container elementor-column-gap-no\">\n\t\t\t\t\t<div class=\"elementor-column elementor-col-100 elementor-top-column elementor-element elementor-element-69fd9f69\" data-id=\"69fd9f69\" data-element_type=\"column\">\n\t\t\t<div class=\"elementor-widget-wrap elementor-element-populated\">\n\t\t\t\t\t\t<div class=\"elementor-element elementor-element-bc8e6d0 elementor-widget elementor-widget-menu-anchor\" data-id=\"bc8e6d0\" data-element_type=\"widget\" data-widget_type=\"menu-anchor.default\">\n\t\t\t\t<div class=\"elementor-widget-container\">\n\t\t\t\t\t<div class=\"elementor-menu-anchor\" id=\"quemsomos\"><\/div>\n\t\t\t\t<\/div>\n\t\t\t\t<\/div>\n\t\t\t\t<div class=\"elementor-element elementor-element-c1679f8 elementor-widget elementor-widget-spacer\" data-id=\"c1679f8\" data-element_type=\"widget\" data-widget_type=\"spacer.default\">\n\t\t\t\t<div class=\"elementor-widget-container\">\n\t\t\t\t\t<div class=\"elementor-spacer\">\n\t\t\t<div class=\"elementor-spacer-inner\"><\/div>\n\t\t<\/div>\n\t\t\t\t<\/div>\n\t\t\t\t<\/div>\n\t\t\t\t<div class=\"elementor-element elementor-element-4381bf3d elementor-widget elementor-widget-heading\" data-id=\"4381bf3d\" data-element_type=\"widget\" data-widget_type=\"heading.default\">\n\t\t\t\t<div class=\"elementor-widget-container\">\n\t\t\t<h2 class=\"elementor-heading-title elementor-size-default\">NOSSA HIST\u00d3RIA<\/h2>\t\t<\/div>\n\t\t\t\t<\/div>\n\t\t\t\t<div class=\"elementor-element elementor-element-5469bdc8 elementor-widget elementor-widget-text-editor\" data-id=\"5469bdc8\" data-element_type=\"widget\" data-widget_type=\"text-editor.default\">\n\t\t\t\t<div class=\"elementor-widget-container\">\n\t\t\t\t\t\t\t<p>A USETEP surgiu em Janeiro de 1987 durante um jantar entre seus fundadores Cilso e Jos\u00e9 Henrique. Durante alguns meses, a Usetep funcionava debaixo do por\u00e3o de suas casas, com apenas 2 funcion\u00e1rios. Em fevereiro de 1988 adquiriu personalidade jur\u00eddica e, aos poucos, foi crescendo passando a funcionar num terreno com espa\u00e7o maior. Hoje s\u00e3o mais de 800 m\u00b2 de \u00e1rea totalmente arejada com instala\u00e7\u00f5es pr\u00f3prias.<\/p><p>Situada em S\u00e3o Jo\u00e3o de Meriti, seu acesso \u00e9 r\u00e1pido e f\u00e1cil pela Via Dutra. Iniciou-se com equipamentos b\u00e1sicos como torno, plaina e furadeira e hoje \u00e9 reconhecida pela excel\u00eancia em servi\u00e7os de usinagem t\u00e9cnica, fornecendo solu\u00e7\u00f5es de alta precis\u00e3o e qualidade para uma ampla gama de ind\u00fastrias. Com uma infraestrutura moderna e equipamentos de \u00faltima gera\u00e7\u00e3o, incluindo m\u00e1quinas CNC e sistemas de medi\u00e7\u00e3o digital, a empresa garante a produ\u00e7\u00e3o de pe\u00e7as e componentes com precis\u00e3o, atendendo \u00e0s especifica\u00e7\u00f5es mais exigentes de seus clientes.<\/p><p>H\u00e1 mais de 35 anos a Usetep est\u00e1 no mercado oferecendo servi\u00e7os de qualidade com pre\u00e7os justos e prazos de entrega satisfat\u00f3rios, buscando sempre a satisfa\u00e7\u00e3o de seus clientes.<\/p><p>O compromisso da Usetep com a qualidade \u00e9 sustentado por uma equipe altamente capacitada, composta por profissionais especializados que dominam as mais avan\u00e7adas t\u00e9cnicas de usinagem. A empresa segue rigorosos padr\u00f5es de controle de qualidade em todas as etapas do processo, desde a sele\u00e7\u00e3o de materiais at\u00e9 a finaliza\u00e7\u00e3o dos produtos, assegurando que cada pe\u00e7a entregue atenda aos crit\u00e9rios de desempenho e durabilidade esperados.<\/p>\t\t\t\t\t\t<\/div>\n\t\t\t\t<\/div>\n\t\t\t\t\t<\/div>\n\t\t<\/div>\n\t\t\t\t\t<\/div>\n\t\t<\/section>\n\t\t\t\t<section class=\"elementor-section elementor-top-section elementor-element elementor-element-f94ee20 elementor-section-boxed elementor-section-height-default elementor-section-height-default\" data-id=\"f94ee20\" data-element_type=\"section\" data-settings=\"{&quot;shape_divider_bottom&quot;:&quot;pyramids&quot;}\">\n\t\t\t\t\t<div class=\"elementor-shape elementor-shape-bottom\" data-negative=\"false\">\n\t\t\t<svg xmlns=\"http:\/\/www.w3.org\/2000\/svg\" viewBox=\"0 0 1000 100\" preserveAspectRatio=\"none\">\n\t<path class=\"elementor-shape-fill\" d=\"M761.9,44.1L643.1,27.2L333.8,98L0,3.8V0l1000,0v3.9\"\/>\n<\/svg>\t\t<\/div>\n\t\t\t\t\t<div class=\"elementor-container elementor-column-gap-default\">\n\t\t\t\t\t<div class=\"elementor-column elementor-col-100 elementor-top-column elementor-element elementor-element-8e837c2\" data-id=\"8e837c2\" data-element_type=\"column\">\n\t\t\t<div class=\"elementor-widget-wrap elementor-element-populated\">\n\t\t\t\t\t\t<div class=\"elementor-element elementor-element-0f2a6c9 elementor-widget elementor-widget-spacer\" data-id=\"0f2a6c9\" data-element_type=\"widget\" data-widget_type=\"spacer.default\">\n\t\t\t\t<div class=\"elementor-widget-container\">\n\t\t\t\t\t<div class=\"elementor-spacer\">\n\t\t\t<div class=\"elementor-spacer-inner\"><\/div>\n\t\t<\/div>\n\t\t\t\t<\/div>\n\t\t\t\t<\/div>\n\t\t\t\t\t<\/div>\n\t\t<\/div>\n\t\t\t\t\t<\/div>\n\t\t<\/section>\n\t\t\t\t<section class=\"elementor-section elementor-top-section elementor-element elementor-element-2uged7c elementor-section-content-middle elementor-section-boxed elementor-section-height-default elementor-section-height-default\" data-id=\"2uged7c\" data-element_type=\"section\" data-settings=\"{&quot;background_background&quot;:&quot;classic&quot;}\">\n\t\t\t\t\t\t\t<div class=\"elementor-background-overlay\"><\/div>\n\t\t\t\t\t\t\t<div class=\"elementor-container elementor-column-gap-no\">\n\t\t\t\t\t<div class=\"elementor-column elementor-col-100 elementor-top-column elementor-element elementor-element-41e9b6b\" data-id=\"41e9b6b\" data-element_type=\"column\">\n\t\t\t<div class=\"elementor-widget-wrap elementor-element-populated\">\n\t\t\t\t\t\t<section class=\"elementor-section elementor-inner-section elementor-element elementor-element-e2c0414 elementor-section-boxed elementor-section-height-default elementor-section-height-default\" data-id=\"e2c0414\" data-element_type=\"section\">\n\t\t\t\t\t\t<div class=\"elementor-container elementor-column-gap-default\">\n\t\t\t\t\t<div class=\"elementor-column elementor-col-100 elementor-inner-column elementor-element elementor-element-7d6f1bb\" data-id=\"7d6f1bb\" data-element_type=\"column\">\n\t\t\t<div class=\"elementor-widget-wrap elementor-element-populated\">\n\t\t\t\t\t\t<div class=\"elementor-element elementor-element-5625819 elementor-widget elementor-widget-heading\" data-id=\"5625819\" data-element_type=\"widget\" data-widget_type=\"heading.default\">\n\t\t\t\t<div class=\"elementor-widget-container\">\n\t\t\t<h2 class=\"elementor-heading-title elementor-size-default\">NOSSA RAZ\u00c3O<\/h2>\t\t<\/div>\n\t\t\t\t<\/div>\n\t\t\t\t\t<\/div>\n\t\t<\/div>\n\t\t\t\t\t<\/div>\n\t\t<\/section>\n\t\t\t\t<section class=\"elementor-section elementor-inner-section elementor-element elementor-element-6e17311 elementor-section-boxed elementor-section-height-default elementor-section-height-default\" data-id=\"6e17311\" data-element_type=\"section\">\n\t\t\t\t\t\t<div class=\"elementor-container elementor-column-gap-default\">\n\t\t\t\t\t<div class=\"elementor-column elementor-col-33 elementor-inner-column elementor-element elementor-element-9d74b08\" data-id=\"9d74b08\" data-element_type=\"column\" data-settings=\"{&quot;background_background&quot;:&quot;classic&quot;}\">\n\t\t\t<div class=\"elementor-widget-wrap elementor-element-populated\">\n\t\t\t\t\t<div class=\"elementor-background-overlay\"><\/div>\n\t\t\t\t\t\t<div class=\"elementor-element elementor-element-c0910e9 elementor-position-top elementor-position-top elementor-widget elementor-widget-image-box\" data-id=\"c0910e9\" data-element_type=\"widget\" data-widget_type=\"image-box.default\">\n\t\t\t\t<div class=\"elementor-widget-container\">\n\t\t\t<div class=\"elementor-image-box-wrapper\"><figure class=\"elementor-image-box-img\"><img fetchpriority=\"high\" decoding=\"async\" width=\"1100\" height=\"1100\" src=\"https:\/\/usetep.inforway.com\/wp-content\/uploads\/2024\/09\/banner-do-quem-somos-2.png\" class=\"attachment-full size-full wp-image-2706\" alt=\"\" srcset=\"https:\/\/usetep.inforway.com\/wp-content\/uploads\/2024\/09\/banner-do-quem-somos-2.png 1100w, https:\/\/usetep.inforway.com\/wp-content\/uploads\/2024\/09\/banner-do-quem-somos-2-300x300.png 300w, https:\/\/usetep.inforway.com\/wp-content\/uploads\/2024\/09\/banner-do-quem-somos-2-1024x1024.png 1024w, https:\/\/usetep.inforway.com\/wp-content\/uploads\/2024\/09\/banner-do-quem-somos-2-150x150.png 150w, https:\/\/usetep.inforway.com\/wp-content\/uploads\/2024\/09\/banner-do-quem-somos-2-768x768.png 768w\" sizes=\"(max-width: 1100px) 100vw, 1100px\" \/><\/figure><div class=\"elementor-image-box-content\"><h3 class=\"elementor-image-box-title\">Miss\u00e3o<\/h3><p class=\"elementor-image-box-description\">Oferecer produtos e servi\u00e7os de usinagem, atuando com excel\u00eancia, visando assegurar a qualidade, pre\u00e7o competititvo e prazos justos para todos os seus produtos.<\/p><\/div><\/div>\t\t<\/div>\n\t\t\t\t<\/div>\n\t\t\t\t\t<\/div>\n\t\t<\/div>\n\t\t\t\t<div class=\"elementor-column elementor-col-33 elementor-inner-column elementor-element elementor-element-45b9857\" data-id=\"45b9857\" data-element_type=\"column\" data-settings=\"{&quot;background_background&quot;:&quot;classic&quot;}\">\n\t\t\t<div class=\"elementor-widget-wrap elementor-element-populated\">\n\t\t\t\t\t<div class=\"elementor-background-overlay\"><\/div>\n\t\t\t\t\t\t<div class=\"elementor-element elementor-element-9d97aa6 elementor-position-top elementor-position-top elementor-widget elementor-widget-image-box\" data-id=\"9d97aa6\" data-element_type=\"widget\" data-widget_type=\"image-box.default\">\n\t\t\t\t<div class=\"elementor-widget-container\">\n\t\t\t<div class=\"elementor-image-box-wrapper\"><figure class=\"elementor-image-box-img\"><img decoding=\"async\" width=\"1100\" height=\"1100\" src=\"https:\/\/usetep.inforway.com\/wp-content\/uploads\/2024\/09\/Sem-Titulo-3.png\" class=\"attachment-full size-full wp-image-2707\" alt=\"\" srcset=\"https:\/\/usetep.inforway.com\/wp-content\/uploads\/2024\/09\/Sem-Titulo-3.png 1100w, https:\/\/usetep.inforway.com\/wp-content\/uploads\/2024\/09\/Sem-Titulo-3-300x300.png 300w, https:\/\/usetep.inforway.com\/wp-content\/uploads\/2024\/09\/Sem-Titulo-3-1024x1024.png 1024w, https:\/\/usetep.inforway.com\/wp-content\/uploads\/2024\/09\/Sem-Titulo-3-150x150.png 150w, https:\/\/usetep.inforway.com\/wp-content\/uploads\/2024\/09\/Sem-Titulo-3-768x768.png 768w\" sizes=\"(max-width: 1100px) 100vw, 1100px\" \/><\/figure><div class=\"elementor-image-box-content\"><h3 class=\"elementor-image-box-title\">Vis\u00e3o<\/h3><p class=\"elementor-image-box-description\">Ser reconhecida como a principal refer\u00eancia em usinagem de precis\u00e3o, oferecendo solu\u00e7\u00f5es inovadoras e de alta qualidade que superem as expectativas dos nossos clientes, contribuindo para o desenvolvimento tecnol\u00f3gico e industrial.<\/p><\/div><\/div>\t\t<\/div>\n\t\t\t\t<\/div>\n\t\t\t\t\t<\/div>\n\t\t<\/div>\n\t\t\t\t<div class=\"elementor-column elementor-col-33 elementor-inner-column elementor-element elementor-element-e92be8c\" data-id=\"e92be8c\" data-element_type=\"column\" data-settings=\"{&quot;background_background&quot;:&quot;classic&quot;}\">\n\t\t\t<div class=\"elementor-widget-wrap elementor-element-populated\">\n\t\t\t\t\t<div class=\"elementor-background-overlay\"><\/div>\n\t\t\t\t\t\t<div class=\"elementor-element elementor-element-e708aa0 elementor-position-top elementor-position-top elementor-widget elementor-widget-image-box\" data-id=\"e708aa0\" data-element_type=\"widget\" data-widget_type=\"image-box.default\">\n\t\t\t\t<div class=\"elementor-widget-container\">\n\t\t\t<div class=\"elementor-image-box-wrapper\"><figure class=\"elementor-image-box-img\"><img decoding=\"async\" width=\"1100\" height=\"1100\" src=\"https:\/\/usetep.inforway.com\/wp-content\/uploads\/2024\/09\/Sem-Titulo-2.png\" class=\"attachment-full size-full wp-image-2711\" alt=\"\" srcset=\"https:\/\/usetep.inforway.com\/wp-content\/uploads\/2024\/09\/Sem-Titulo-2.png 1100w, https:\/\/usetep.inforway.com\/wp-content\/uploads\/2024\/09\/Sem-Titulo-2-300x300.png 300w, https:\/\/usetep.inforway.com\/wp-content\/uploads\/2024\/09\/Sem-Titulo-2-1024x1024.png 1024w, https:\/\/usetep.inforway.com\/wp-content\/uploads\/2024\/09\/Sem-Titulo-2-150x150.png 150w, https:\/\/usetep.inforway.com\/wp-content\/uploads\/2024\/09\/Sem-Titulo-2-768x768.png 768w\" sizes=\"(max-width: 1100px) 100vw, 1100px\" \/><\/figure><div class=\"elementor-image-box-content\"><h3 class=\"elementor-image-box-title\">Valores<\/h3><p class=\"elementor-image-box-description\">Agir sempre com honestidade e integridade, aprimorando sempre nossos processos buscando satisfazer nossos clientes com qualidade e baixo custo sem desrespeitar o ambiente de trabalho, dando-lhe qualidade de vida necess\u00e1ria aos nossos colaboradores.<\/p><\/div><\/div>\t\t<\/div>\n\t\t\t\t<\/div>\n\t\t\t\t\t<\/div>\n\t\t<\/div>\n\t\t\t\t\t<\/div>\n\t\t<\/section>\n\t\t\t\t<div class=\"elementor-element elementor-element-b797ee7 elementor-widget elementor-widget-spacer\" data-id=\"b797ee7\" data-element_type=\"widget\" data-widget_type=\"spacer.default\">\n\t\t\t\t<div class=\"elementor-widget-container\">\n\t\t\t\t\t<div class=\"elementor-spacer\">\n\t\t\t<div class=\"elementor-spacer-inner\"><\/div>\n\t\t<\/div>\n\t\t\t\t<\/div>\n\t\t\t\t<\/div>\n\t\t\t\t<div class=\"elementor-element elementor-element-56d250a elementor-widget elementor-widget-heading\" data-id=\"56d250a\" data-element_type=\"widget\" data-widget_type=\"heading.default\">\n\t\t\t\t<div class=\"elementor-widget-container\">\n\t\t\t<h2 class=\"elementor-heading-title elementor-size-default\">GALERIA<\/h2>\t\t<\/div>\n\t\t\t\t<\/div>\n\t\t\t\t<div class=\"elementor-element elementor-element-2be9036 elementor-widget elementor-widget-gallery\" data-id=\"2be9036\" data-element_type=\"widget\" data-settings=\"{&quot;columns&quot;:3,&quot;aspect_ratio&quot;:&quot;4:3&quot;,&quot;lazyload&quot;:&quot;yes&quot;,&quot;gallery_layout&quot;:&quot;grid&quot;,&quot;columns_tablet&quot;:2,&quot;columns_mobile&quot;:1,&quot;gap&quot;:{&quot;unit&quot;:&quot;px&quot;,&quot;size&quot;:10,&quot;sizes&quot;:[]},&quot;gap_tablet&quot;:{&quot;unit&quot;:&quot;px&quot;,&quot;size&quot;:10,&quot;sizes&quot;:[]},&quot;gap_mobile&quot;:{&quot;unit&quot;:&quot;px&quot;,&quot;size&quot;:10,&quot;sizes&quot;:[]},&quot;link_to&quot;:&quot;file&quot;,&quot;overlay_background&quot;:&quot;yes&quot;,&quot;content_hover_animation&quot;:&quot;fade-in&quot;}\" data-widget_type=\"gallery.default\">\n\t\t\t\t<div class=\"elementor-widget-container\">\n\t\t\t\t\t<div class=\"elementor-gallery__container\">\n\t\t\t\t\t\t\t<a class=\"e-gallery-item elementor-gallery-item elementor-animated-content\" href=\"https:\/\/usetep.inforway.com\/wp-content\/uploads\/2024\/09\/Design-sem-nome-35.jpg\" data-elementor-open-lightbox=\"yes\" data-elementor-lightbox-slideshow=\"2be9036\" data-elementor-lightbox-title=\"Design sem nome (35)\" data-e-action-hash=\"#elementor-action%3Aaction%3Dlightbox%26settings%3DeyJpZCI6MjU4OCwidXJsIjoiaHR0cHM6XC9cL3VzZXRlcC5pbmZvcndheS5jb21cL3dwLWNvbnRlbnRcL3VwbG9hZHNcLzIwMjRcLzA5XC9EZXNpZ24tc2VtLW5vbWUtMzUuanBnIiwic2xpZGVzaG93IjoiMmJlOTAzNiJ9\">\n\t\t\t\t\t<div class=\"e-gallery-image elementor-gallery-item__image\" data-thumbnail=\"https:\/\/usetep.inforway.com\/wp-content\/uploads\/2024\/09\/Design-sem-nome-35.jpg\" data-width=\"400\" data-height=\"870\" aria-label=\"\" role=\"img\" ><\/div>\n\t\t\t\t\t\t\t\t\t\t\t<div class=\"elementor-gallery-item__overlay\"><\/div>\n\t\t\t\t\t\t\t\t\t\t\t\t\t\t<\/a>\n\t\t\t\t\t\t\t<a class=\"e-gallery-item elementor-gallery-item elementor-animated-content\" href=\"https:\/\/usetep.inforway.com\/wp-content\/uploads\/2024\/09\/Design-sem-nome-36.jpg\" data-elementor-open-lightbox=\"yes\" data-elementor-lightbox-slideshow=\"2be9036\" data-elementor-lightbox-title=\"Design sem nome (36)\" data-e-action-hash=\"#elementor-action%3Aaction%3Dlightbox%26settings%3DeyJpZCI6MjU4NywidXJsIjoiaHR0cHM6XC9cL3VzZXRlcC5pbmZvcndheS5jb21cL3dwLWNvbnRlbnRcL3VwbG9hZHNcLzIwMjRcLzA5XC9EZXNpZ24tc2VtLW5vbWUtMzYuanBnIiwic2xpZGVzaG93IjoiMmJlOTAzNiJ9\">\n\t\t\t\t\t<div class=\"e-gallery-image elementor-gallery-item__image\" data-thumbnail=\"https:\/\/usetep.inforway.com\/wp-content\/uploads\/2024\/09\/Design-sem-nome-36.jpg\" data-width=\"400\" data-height=\"870\" aria-label=\"\" role=\"img\" ><\/div>\n\t\t\t\t\t\t\t\t\t\t\t<div class=\"elementor-gallery-item__overlay\"><\/div>\n\t\t\t\t\t\t\t\t\t\t\t\t\t\t<\/a>\n\t\t\t\t\t\t\t<a class=\"e-gallery-item elementor-gallery-item elementor-animated-content\" href=\"https:\/\/usetep.inforway.com\/wp-content\/uploads\/2024\/09\/Design-sem-nome-46.jpg\" data-elementor-open-lightbox=\"yes\" data-elementor-lightbox-slideshow=\"2be9036\" data-elementor-lightbox-title=\"Design sem nome (46)\" data-e-action-hash=\"#elementor-action%3Aaction%3Dlightbox%26settings%3DeyJpZCI6Mjg1OCwidXJsIjoiaHR0cHM6XC9cL3VzZXRlcC5pbmZvcndheS5jb21cL3dwLWNvbnRlbnRcL3VwbG9hZHNcLzIwMjRcLzA5XC9EZXNpZ24tc2VtLW5vbWUtNDYuanBnIiwic2xpZGVzaG93IjoiMmJlOTAzNiJ9\">\n\t\t\t\t\t<div class=\"e-gallery-image elementor-gallery-item__image\" data-thumbnail=\"https:\/\/usetep.inforway.com\/wp-content\/uploads\/2024\/09\/Design-sem-nome-46.jpg\" data-width=\"400\" data-height=\"700\" aria-label=\"\" role=\"img\" ><\/div>\n\t\t\t\t\t\t\t\t\t\t\t<div class=\"elementor-gallery-item__overlay\"><\/div>\n\t\t\t\t\t\t\t\t\t\t\t\t\t\t<\/a>\n\t\t\t\t\t\t\t<a class=\"e-gallery-item elementor-gallery-item elementor-animated-content\" href=\"https:\/\/usetep.inforway.com\/wp-content\/uploads\/2024\/09\/Design-sem-nome-43.jpg\" data-elementor-open-lightbox=\"yes\" data-elementor-lightbox-slideshow=\"2be9036\" data-elementor-lightbox-title=\"Design sem nome (43)\" data-e-action-hash=\"#elementor-action%3Aaction%3Dlightbox%26settings%3DeyJpZCI6Mjc5NiwidXJsIjoiaHR0cHM6XC9cL3VzZXRlcC5pbmZvcndheS5jb21cL3dwLWNvbnRlbnRcL3VwbG9hZHNcLzIwMjRcLzA5XC9EZXNpZ24tc2VtLW5vbWUtNDMuanBnIiwic2xpZGVzaG93IjoiMmJlOTAzNiJ9\">\n\t\t\t\t\t<div class=\"e-gallery-image elementor-gallery-item__image\" data-thumbnail=\"https:\/\/usetep.inforway.com\/wp-content\/uploads\/2024\/09\/Design-sem-nome-43.jpg\" data-width=\"400\" data-height=\"700\" aria-label=\"\" role=\"img\" ><\/div>\n\t\t\t\t\t\t\t\t\t\t\t<div class=\"elementor-gallery-item__overlay\"><\/div>\n\t\t\t\t\t\t\t\t\t\t\t\t\t\t<\/a>\n\t\t\t\t\t\t\t<a class=\"e-gallery-item elementor-gallery-item elementor-animated-content\" href=\"https:\/\/usetep.inforway.com\/wp-content\/uploads\/2024\/09\/Design-sem-nome-42.jpg\" data-elementor-open-lightbox=\"yes\" data-elementor-lightbox-slideshow=\"2be9036\" data-elementor-lightbox-title=\"Design sem nome (42)\" data-e-action-hash=\"#elementor-action%3Aaction%3Dlightbox%26settings%3DeyJpZCI6Mjc5MSwidXJsIjoiaHR0cHM6XC9cL3VzZXRlcC5pbmZvcndheS5jb21cL3dwLWNvbnRlbnRcL3VwbG9hZHNcLzIwMjRcLzA5XC9EZXNpZ24tc2VtLW5vbWUtNDIuanBnIiwic2xpZGVzaG93IjoiMmJlOTAzNiJ9\">\n\t\t\t\t\t<div class=\"e-gallery-image elementor-gallery-item__image\" data-thumbnail=\"https:\/\/usetep.inforway.com\/wp-content\/uploads\/2024\/09\/Design-sem-nome-42.jpg\" data-width=\"400\" data-height=\"700\" aria-label=\"\" role=\"img\" ><\/div>\n\t\t\t\t\t\t\t\t\t\t\t<div class=\"elementor-gallery-item__overlay\"><\/div>\n\t\t\t\t\t\t\t\t\t\t\t\t\t\t<\/a>\n\t\t\t\t\t\t\t<a class=\"e-gallery-item elementor-gallery-item elementor-animated-content\" href=\"https:\/\/usetep.inforway.com\/wp-content\/uploads\/2024\/09\/Sem-nome-1920-x-1080-px-1.jpg\" data-elementor-open-lightbox=\"yes\" data-elementor-lightbox-slideshow=\"2be9036\" data-elementor-lightbox-title=\"Sem nome (1920 x 1080 px) (1)\" data-e-action-hash=\"#elementor-action%3Aaction%3Dlightbox%26settings%3DeyJpZCI6Mjk1NCwidXJsIjoiaHR0cHM6XC9cL3VzZXRlcC5pbmZvcndheS5jb21cL3dwLWNvbnRlbnRcL3VwbG9hZHNcLzIwMjRcLzA5XC9TZW0tbm9tZS0xOTIwLXgtMTA4MC1weC0xLmpwZyIsInNsaWRlc2hvdyI6IjJiZTkwMzYifQ%3D%3D\">\n\t\t\t\t\t<div class=\"e-gallery-image elementor-gallery-item__image\" data-thumbnail=\"https:\/\/usetep.inforway.com\/wp-content\/uploads\/2024\/09\/Sem-nome-1920-x-1080-px-1.jpg\" data-width=\"1920\" data-height=\"1080\" aria-label=\"\" role=\"img\" ><\/div>\n\t\t\t\t\t\t\t\t\t\t\t<div class=\"elementor-gallery-item__overlay\"><\/div>\n\t\t\t\t\t\t\t\t\t\t\t\t\t\t<\/a>\n\t\t\t\t\t<\/div>\n\t\t\t<\/div>\n\t\t\t\t<\/div>\n\t\t\t\t\t<\/div>\n\t\t<\/div>\n\t\t\t\t\t<\/div>\n\t\t<\/section>\n\t\t\t\t<section class=\"elementor-section elementor-top-section elementor-element elementor-element-192f10f elementor-section-boxed elementor-section-height-default elementor-section-height-default\" data-id=\"192f10f\" data-element_type=\"section\" data-settings=\"{&quot;background_background&quot;:&quot;classic&quot;,&quot;shape_divider_bottom&quot;:&quot;pyramids&quot;}\">\n\t\t\t\t\t<div class=\"elementor-shape elementor-shape-bottom\" data-negative=\"false\">\n\t\t\t<svg xmlns=\"http:\/\/www.w3.org\/2000\/svg\" viewBox=\"0 0 1000 100\" preserveAspectRatio=\"none\">\n\t<path class=\"elementor-shape-fill\" d=\"M761.9,44.1L643.1,27.2L333.8,98L0,3.8V0l1000,0v3.9\"\/>\n<\/svg>\t\t<\/div>\n\t\t\t\t\t<div class=\"elementor-container elementor-column-gap-default\">\n\t\t\t\t\t<div class=\"elementor-column elementor-col-100 elementor-top-column elementor-element elementor-element-d2f615d\" data-id=\"d2f615d\" data-element_type=\"column\">\n\t\t\t<div class=\"elementor-widget-wrap elementor-element-populated\">\n\t\t\t\t\t\t<div class=\"elementor-element elementor-element-b0e62ab elementor-widget elementor-widget-spacer\" data-id=\"b0e62ab\" data-element_type=\"widget\" data-widget_type=\"spacer.default\">\n\t\t\t\t<div class=\"elementor-widget-container\">\n\t\t\t\t\t<div class=\"elementor-spacer\">\n\t\t\t<div class=\"elementor-spacer-inner\"><\/div>\n\t\t<\/div>\n\t\t\t\t<\/div>\n\t\t\t\t<\/div>\n\t\t\t\t\t<\/div>\n\t\t<\/div>\n\t\t\t\t\t<\/div>\n\t\t<\/section>\n\t\t\t\t<\/div>\n\t\t","protected":false},"excerpt":{"rendered":"<p>NOSSA HIST\u00d3RIA A USETEP surgiu em Janeiro de 1987 durante um jantar entre seus fundadores Cilso e Jos\u00e9 Henrique. Durante alguns meses, a Usetep funcionava debaixo do por\u00e3o de suas casas, com apenas 2 funcion\u00e1rios. Em fevereiro de 1988 adquiriu personalidade jur\u00eddica e, aos poucos, foi crescendo passando a funcionar num terreno com espa\u00e7o maior. &hellip;<\/p>\n<p class=\"read-more\"> <a class=\"\" href=\"https:\/\/usetep.inforway.com\/index.php\/nossa-historia\/\"> <span class=\"screen-reader-text\">Nossa Historia<\/span> Leia mais &raquo;<\/a><\/p>\n","protected":false},"author":1,"featured_media":0,"parent":0,"menu_order":0,"comment_status":"closed","ping_status":"closed","template":"","meta":{"site-sidebar-layout":"default","site-content-layout":"page-builder","ast-global-header-display":"","ast-main-header-display":"","ast-hfb-above-header-display":"","ast-hfb-below-header-display":"","ast-hfb-mobile-header-display":"","site-post-title":"disabled","ast-breadcrumbs-content":"","ast-featured-img":"disabled","footer-sml-layout":"","theme-transparent-header-meta":"enabled","adv-header-id-meta":"","stick-header-meta":"","header-above-stick-meta":"","header-main-stick-meta":"","header-below-stick-meta":"","footnotes":""},"class_list":["post-2600","page","type-page","status-publish","hentry"],"_links":{"self":[{"href":"https:\/\/usetep.inforway.com\/index.php\/wp-json\/wp\/v2\/pages\/2600","targetHints":{"allow":["GET"]}}],"collection":[{"href":"https:\/\/usetep.inforway.com\/index.php\/wp-json\/wp\/v2\/pages"}],"about":[{"href":"https:\/\/usetep.inforway.com\/index.php\/wp-json\/wp\/v2\/types\/page"}],"author":[{"embeddable":true,"href":"https:\/\/usetep.inforway.com\/index.php\/wp-json\/wp\/v2\/users\/1"}],"replies":[{"embeddable":true,"href":"https:\/\/usetep.inforway.com\/index.php\/wp-json\/wp\/v2\/comments?post=2600"}],"version-history":[{"count":22,"href":"https:\/\/usetep.inforway.com\/index.php\/wp-json\/wp\/v2\/pages\/2600\/revisions"}],"predecessor-version":[{"id":3257,"href":"https:\/\/usetep.inforway.com\/index.php\/wp-json\/wp\/v2\/pages\/2600\/revisions\/3257"}],"wp:attachment":[{"href":"https:\/\/usetep.inforway.com\/index.php\/wp-json\/wp\/v2\/media?parent=2600"}],"curies":[{"name":"wp","href":"https:\/\/api.w.org\/{rel}","templated":true}]}}